{"id":139,"date":"2023-08-07T19:19:10","date_gmt":"2023-08-07T19:19:10","guid":{"rendered":"https:\/\/setpr.com\/?page_id=139"},"modified":"2023-08-25T18:26:50","modified_gmt":"2023-08-25T18:26:50","slug":"disclaimer","status":"publish","type":"page","link":"https:\/\/setpr.com\/en\/disclaimer\/","title":{"rendered":"Disclaimer"},"content":{"rendered":"<div data-elementor-type=\"wp-page\" data-elementor-id=\"139\" class=\"elementor elementor-139\">\n\t\t\t\t\t\t\t\t\t<section class=\"elementor-section elementor-top-section elementor-element elementor-element-ab06200 elementor-section-boxed elementor-section-height-default elementor-section-height-default\" data-id=\"ab06200\" data-element_type=\"section\">\n\t\t\t\t\t\t<div class=\"elementor-container elementor-column-gap-default\">\n\t\t\t\t\t<div class=\"elementor-column elementor-col-100 elementor-top-column elementor-element elementor-element-ca3477b\" data-id=\"ca3477b\" data-element_type=\"column\">\n\t\t\t<div class=\"elementor-widget-wrap elementor-element-populated\">\n\t\t\t\t\t\t\t\t<div class=\"elementor-element elementor-element-2e24b11 elementor-widget elementor-widget-heading\" data-id=\"2e24b11\" data-element_type=\"widget\" data-widget_type=\"heading.default\">\n\t\t\t\t<div class=\"elementor-widget-container\">\n\t\t\t<style>\/*! elementor - v3.15.0 - 09-08-2023 *\/\n.elementor-heading-title{padding:0;margin:0;line-height:1}.elementor-widget-heading .elementor-heading-title[class*=elementor-size-]>a{color:inherit;font-size:inherit;line-height:inherit}.elementor-widget-heading .elementor-heading-title.elementor-size-small{font-size:15px}.elementor-widget-heading .elementor-heading-title.elementor-size-medium{font-size:19px}.elementor-widget-heading .elementor-heading-title.elementor-size-large{font-size:29px}.elementor-widget-heading .elementor-heading-title.elementor-size-xl{font-size:39px}.elementor-widget-heading .elementor-heading-title.elementor-size-xxl{font-size:59px}<\/style><h1 class=\"elementor-heading-title elementor-size-default\">DISCLAIMER<\/h1>\t\t<\/div>\n\t\t\t\t<\/div>\n\t\t\t\t\t<\/div>\n\t\t<\/div>\n\t\t\t\t\t\t\t<\/div>\n\t\t<\/section>\n\t\t\t\t<section class=\"elementor-section elementor-top-section elementor-element elementor-element-a181432 elementor-section-boxed elementor-section-height-default elementor-section-height-default\" data-id=\"a181432\" data-element_type=\"section\">\n\t\t\t\t\t\t<div class=\"elementor-container elementor-column-gap-default\">\n\t\t\t\t\t<div class=\"elementor-column elementor-col-100 elementor-top-column elementor-element elementor-element-3b1c4f5\" data-id=\"3b1c4f5\" data-element_type=\"column\">\n\t\t\t<div class=\"elementor-widget-wrap elementor-element-populated\">\n\t\t\t\t\t\t\t\t<div class=\"elementor-element elementor-element-3c2b5ac elementor-widget elementor-widget-text-editor\" data-id=\"3c2b5ac\" data-element_type=\"widget\" data-widget_type=\"text-editor.default\">\n\t\t\t\t<div class=\"elementor-widget-container\">\n\t\t\t<style>\/*! elementor - v3.15.0 - 09-08-2023 *\/\n.elementor-widget-text-editor.elementor-drop-cap-view-stacked .elementor-drop-cap{background-color:#69727d;color:#fff}.elementor-widget-text-editor.elementor-drop-cap-view-framed .elementor-drop-cap{color:#69727d;border:3px solid;background-color:transparent}.elementor-widget-text-editor:not(.elementor-drop-cap-view-default) .elementor-drop-cap{margin-top:8px}.elementor-widget-text-editor:not(.elementor-drop-cap-view-default) .elementor-drop-cap-letter{width:1em;height:1em}.elementor-widget-text-editor .elementor-drop-cap{float:left;text-align:center;line-height:1;font-size:50px}.elementor-widget-text-editor .elementor-drop-cap-letter{display:inline-block}<\/style>\t\t\t\t<p><em>The <\/em><em>Solutions for the Energy Transformation for <\/em><em>Puerto Rico (\u201cSETPR\u201d<\/em><em>) <\/em><em>website will employ good faith efforts to provide reliable and updated data. However, some data may be inaccurate, given some limitations such as the uncertainty factor of the analysis conducted, the model mechanisms, the key regulatory and project execution assumptions, and variable costs. By using this website, you recognize that SETPR, LUMA Energy, LLC and LUMA Energy ServCo, LLC (collectively, \u201cLUMA\u201d)<\/em>, <em>or other affiliated entities provide no warranties of any kind regarding the data being complete, thorough, faultless, updated, accurate, fit for a specific purpose, or reliable. You agree to waive any claim for any inconveniences, damages, or losses resulting from inaccuracy, untimeliness of the provided data, or any other reason. The use of this application is at your own risk. <\/em><\/p><p><em style=\"font-size: 18px;\">You recognize that your registration as a stakeholder on this website and submitting any idea, comment, or proposal through this website does not entitle you to any rights or imply obligations for LUMA.<\/em><\/p><p><em>Despite our security and data protection measures, this website is not exempt from unauthorized third parties' fraudulent practices, including, but not limited to, cloning of web pages, phishing, spear phishing, malware, ransomware and data breaches. SETPR and LUMA shall not be liable in any way for the content, materials, information, communications, cyberattacks, identity theft, diversion of funds by deception, unlawful appropriation or any other damage that may result from these fraudulent practices.<\/em><\/p><p><em>\u00a0<\/em><em>You represent that you have read, understood, and accepted this disclaimer and waiver. <\/em><\/p>\t\t\t\t\t\t<\/div>\n\t\t\t\t<\/div>\n\t\t\t\t\t<\/div>\n\t\t<\/div>\n\t\t\t\t\t\t\t<\/div>\n\t\t<\/section>\n\t\t\t\t\t\t\t<\/div>","protected":false},"excerpt":{"rendered":"<p>DISCLAIMER El portal de Strategy for Energy Transformation for Puerto Rico (\u201cSETPR\u201d; en espa\u00f1ol, Estrategia para la Transformaci\u00f3n Energ\u00e9tica para Puerto Rico) har\u00e1 esfuerzos de buena fe para proporcionar datos &hellip;<\/p>","protected":false},"author":2,"featured_media":0,"parent":0,"menu_order":0,"comment_status":"closed","ping_status":"closed","template":"","meta":{"_genesis_block_theme_hide_title":true,"_price":"","_stock":"","_tribe_ticket_header":"","_tribe_default_ticket_provider":"","_tribe_ticket_capacity":"0","_ticket_start_date":"","_ticket_end_date":"","_tribe_ticket_show_description":"","_tribe_ticket_show_not_going":false,"_tribe_ticket_use_global_stock":"","_tribe_ticket_global_stock_level":"","_global_stock_mode":"","_global_stock_cap":"","_tribe_rsvp_for_event":"","_tribe_ticket_going_count":"","_tribe_ticket_not_going_count":"","_tribe_tickets_list":[],"_tribe_ticket_has_attendee_info_fields":false},"featured_image_src":null,"featured_image_src_square":null,"ticketed":false,"_links":{"self":[{"href":"https:\/\/setpr.com\/en\/wp-json\/wp\/v2\/pages\/139"}],"collection":[{"href":"https:\/\/setpr.com\/en\/wp-json\/wp\/v2\/pages"}],"about":[{"href":"https:\/\/setpr.com\/en\/wp-json\/wp\/v2\/types\/page"}],"author":[{"embeddable":true,"href":"https:\/\/setpr.com\/en\/wp-json\/wp\/v2\/users\/2"}],"replies":[{"embeddable":true,"href":"https:\/\/setpr.com\/en\/wp-json\/wp\/v2\/comments?post=139"}],"version-history":[{"count":0,"href":"https:\/\/setpr.com\/en\/wp-json\/wp\/v2\/pages\/139\/revisions"}],"wp:attachment":[{"href":"https:\/\/setpr.com\/en\/wp-json\/wp\/v2\/media?parent=139"}],"curies":[{"name":"wp","href":"https:\/\/api.w.org\/{rel}","templated":true}]}}